{"id":2,"date":"2024-03-08T12:33:21","date_gmt":"2024-03-08T11:33:21","guid":{"rendered":"https:\/\/moorea-digital.com\/?page_id=2"},"modified":"2024-03-08T15:29:08","modified_gmt":"2024-03-08T14:29:08","slug":"home","status":"publish","type":"page","link":"https:\/\/moorea-digital.com\/","title":{"rendered":"Home"},"content":{"rendered":"\n\t\t\t<!-- START Deep Dive Ocean Water1 REVOLUTION SLIDER 6.6.18 --><p class=\"rs-p-wp-fix\"><\/p>\n\t\t\t<rs-module-wrap id=\"rev_slider_2_1_wrapper\" data-source=\"gallery\" style=\"visibility:hidden;background:#082b31;padding:0;\">\n\t\t\t\t<rs-module id=\"rev_slider_2_1\" class=\"rs-respect-topbar\" style=\"\" data-version=\"6.6.18\">\n\t\t\t\t\t<rs-slides style=\"overflow: hidden; position: absolute;\">\n\t\t\t\t\t\t<rs-slide style=\"position: absolute;\" data-key=\"rs-2\" data-title=\"Slide\" data-in=\"o:0;\" data-out=\"a:false;\">\n\t\t\t\t\t\t\t<img decoding=\"async\" src=\"\/\/moorea-digital.com\/wp-content\/plugins\/revslider\/public\/assets\/assets\/dummy.png\" alt=\"Slide\" title=\"Home\" class=\"rev-slidebg tp-rs-img rs-lazyload\" data-lazyload=\"\/\/moorea-digital.com\/wp-content\/plugins\/revslider\/public\/assets\/assets\/transparent.png\" data-bg=\"c:linear-gradient(rgba(61,117,116,1) 0%, rgba(189,138,121,1) 28%, rgba(254,117,39,1) 45%, rgba(1,181,178,1) 53%, rgba(12,18,18,1) 100%);\" data-parallax=\"off\" data-no-retina>\n<!--\n\t\t\t\t\t\t\t--><rs-group\n\t\t\t\t\t\t\t\tid=\"slider-2-slide-2-layer-3\" \n\t\t\t\t\t\t\t\tdata-type=\"group\"\n\t\t\t\t\t\t\t\tdata-rsp_ch=\"on\"\n\t\t\t\t\t\t\t\tdata-xy=\"x:c;y:m;yo:-130px,-107px,-81px,-80px;\"\n\t\t\t\t\t\t\t\tdata-text=\"w:normal;s:20,16,12,7;l:0,20,15,9;\"\n\t\t\t\t\t\t\t\tdata-dim=\"w:1000px,825px,626px,386px;h:400px,330px,250px,220px;\"\n\t\t\t\t\t\t\t\tdata-sba=\"t:true;\"\n\t\t\t\t\t\t\t\tdata-ford=\"frame_0;frame_1;frame_2;frame_999;\"\n\t\t\t\t\t\t\t\tdata-frame_0=\"o:1;\"\n\t\t\t\t\t\t\t\tdata-frame_1=\"e:sine.inOut;sp:10;blu:0px;\"\n\t\t\t\t\t\t\t\tdata-frame_999=\"o:0;st:w;sR:7950;sA:9000;\"\n\t\t\t\t\t\t\t\tdata-frame_2=\"x:0;y:-200px,-165px,-125px,-77px;z:0;sX:1;sY:1;o:0;rX:0;rY:0;rZ:0;skX:0;skY:0;e:sine.inOut;st:50;sp:1000;sR:40;blu:20px;\"\n\t\t\t\t\t\t\t\tstyle=\"z-index:15;\"\n\t\t\t\t\t\t\t><!--\n\t\t\t\t\t\t\t\t--><rs-layer\n\t\t\t\t\t\t\t\t\tid=\"slider-2-slide-2-layer-7\" \n\t\t\t\t\t\t\t\t\tdata-type=\"text\"\n\t\t\t\t\t\t\t\t\tdata-color=\"#ffcc00\"\n\t\t\t\t\t\t\t\t\tdata-rsp_ch=\"on\"\n\t\t\t\t\t\t\t\t\tdata-xy=\"x:c;y:m;yo:0,0,0,-20px;\"\n\t\t\t\t\t\t\t\t\tdata-pos=\"a\"\n\t\t\t\t\t\t\t\t\tdata-text=\"w:normal;s:150,123,90,70;l:200,165,120,80;\"\n\t\t\t\t\t\t\t\t\tdata-sba=\"t:false;\"\n\t\t\t\t\t\t\t\t\tdata-padding=\"r:30,25,19,12;l:30,25,19,12;\"\n\t\t\t\t\t\t\t\t\tdata-frame_0=\"sX:0.9;sY:0.9;blu:20px;\"\n\t\t\t\t\t\t\t\t\tdata-frame_1=\"e:sine.inOut;st:500;sp:1000;sR:500;\"\n\t\t\t\t\t\t\t\t\tdata-frame_999=\"o:0;st:w;sR:7100;\"\n\t\t\t\t\t\t\t\t\tstyle=\"z-index:7;font-family:'Damion';\"\n\t\t\t\t\t\t\t\t>Moorea Digital \n\t\t\t\t\t\t\t\t<\/rs-layer><!--\n\n\t\t\t\t\t\t\t\t--><rs-layer\n\t\t\t\t\t\t\t\t\tid=\"slider-2-slide-2-layer-9\" \n\t\t\t\t\t\t\t\t\tdata-type=\"text\"\n\t\t\t\t\t\t\t\t\tdata-color=\"#ffcc00\"\n\t\t\t\t\t\t\t\t\tdata-rsp_ch=\"on\"\n\t\t\t\t\t\t\t\t\tdata-xy=\"x:c;y:m;yo:150px,123px,93px,57px;\"\n\t\t\t\t\t\t\t\t\tdata-pos=\"a\"\n\t\t\t\t\t\t\t\t\tdata-text=\"w:normal;s:32,26,19,11;l:36,29,22,13;ls:1,0,0,0;\"\n\t\t\t\t\t\t\t\t\tdata-dim=\"minh:0px,none,none,none;\"\n\t\t\t\t\t\t\t\t\tdata-sba=\"t:false;\"\n\t\t\t\t\t\t\t\t\tdata-frame_0=\"sX:0.9;sY:0.9;\"\n\t\t\t\t\t\t\t\t\tdata-frame_1=\"e:power2.inOut;st:700;sp:1000;sR:700;\"\n\t\t\t\t\t\t\t\t\tdata-frame_999=\"o:0;st:w;sR:7300;\"\n\t\t\t\t\t\t\t\t\tstyle=\"z-index:6;font-family:'Indie Flower';\"\n\t\t\t\t\t\t\t\t>Moorea Digital \u00e9volue et devient \n\t\t\t\t\t\t\t\t<\/rs-layer><!--\n\t\t\t\t\t\t\t--><\/rs-group><!--\n\n\t\t\t\t\t\t\t--><rs-group\n\t\t\t\t\t\t\t\tid=\"slider-2-slide-2-layer-6\" \n\t\t\t\t\t\t\t\tclass=\"rs-pxl-12\"\n\t\t\t\t\t\t\t\tdata-type=\"group\"\n\t\t\t\t\t\t\t\tdata-rsp_ch=\"on\"\n\t\t\t\t\t\t\t\tdata-xy=\"x:c;y:m;yo:-140px,-115px,-87px,-3px;\"\n\t\t\t\t\t\t\t\tdata-pos=\"a\"\n\t\t\t\t\t\t\t\tdata-text=\"w:normal;s:20,16,12,7;l:0,20,15,9;\"\n\t\t\t\t\t\t\t\tdata-dim=\"w:500px,412px,313px,193px;h:500px,412px,313px,193px;\"\n\t\t\t\t\t\t\t\tdata-basealign=\"slide\"\n\t\t\t\t\t\t\t\tdata-wrpid=\"sunwrap\"\n\t\t\t\t\t\t\t\tdata-sba=\"t:true;\"\n\t\t\t\t\t\t\t\tdata-frame_0=\"o:1;\"\n\t\t\t\t\t\t\t\tdata-frame_1=\"st:500;sp:1000;sR:500;blu:10px;\"\n\t\t\t\t\t\t\t\tdata-frame_999=\"o:0;st:w;sR:7500;sA:9000;\"\n\t\t\t\t\t\t\t\tstyle=\"z-index:6;\"\n\t\t\t\t\t\t\t><!--\n\t\t\t\t\t\t\t\t--><rs-layer\n\t\t\t\t\t\t\t\t\tid=\"slider-2-slide-2-layer-1\" \n\t\t\t\t\t\t\t\t\tclass=\"rs-noevents\"\n\t\t\t\t\t\t\t\t\tdata-type=\"shape\"\n\t\t\t\t\t\t\t\t\tdata-bsh=\"c:#f0c610;b:150px,123px,93px,57px;\"\n\t\t\t\t\t\t\t\t\tdata-rsp_ch=\"on\"\n\t\t\t\t\t\t\t\t\tdata-xy=\"x:c;y:m;yo:0,0,0,-111px;\"\n\t\t\t\t\t\t\t\t\tdata-pos=\"a\"\n\t\t\t\t\t\t\t\t\tdata-text=\"w:normal;s:20,16,12,7;l:0,20,15,9;\"\n\t\t\t\t\t\t\t\t\tdata-dim=\"w:300px,247px,187px,250px;h:300px,247px,187px,250px;\"\n\t\t\t\t\t\t\t\t\tdata-sba=\"t:false;\"\n\t\t\t\t\t\t\t\t\tdata-border=\"bor:300px,300px,300px,300px;\"\n\t\t\t\t\t\t\t\t\tdata-frame_0=\"y:50px,41px,31px,19px;\"\n\t\t\t\t\t\t\t\t\tdata-frame_1=\"e:sine.inOut;st:500;sp:1500;\"\n\t\t\t\t\t\t\t\t\tdata-frame_999=\"o:0;e:sine.in;st:w;sp:1000;sR:7000;\"\n\t\t\t\t\t\t\t\t\tstyle=\"z-index:6;background:linear-gradient(rgba(240,198,16,1) 0%, rgba(225,108,97,1) 50%, rgba(222,90,113,0.8) 60%, rgba(222,90,113,0) 100%);\"\n\t\t\t\t\t\t\t\t> \n\t\t\t\t\t\t\t\t<\/rs-layer><!--\n\t\t\t\t\t\t\t--><\/rs-group><!--\n\n\t\t\t\t\t\t\t--><rs-group\n\t\t\t\t\t\t\t\tid=\"slider-2-slide-2-layer-15\" \n\t\t\t\t\t\t\t\tdata-type=\"group\"\n\t\t\t\t\t\t\t\tdata-xy=\"x:c;y:m,m,m,b;yo:250px,250px,250px,0;\"\n\t\t\t\t\t\t\t\tdata-pos=\"a\"\n\t\t\t\t\t\t\t\tdata-text=\"w:normal;\"\n\t\t\t\t\t\t\t\tdata-dim=\"w:10px;h:250px;\"\n\t\t\t\t\t\t\t\tdata-basealign=\"slide\"\n\t\t\t\t\t\t\t\tdata-rsp_o=\"off\"\n\t\t\t\t\t\t\t\tdata-rsp_bd=\"off\"\n\t\t\t\t\t\t\t\tdata-sba=\"t:true;\"\n\t\t\t\t\t\t\t\tdata-ford=\"frame_0;frame_1;frame_2;frame_999;\"\n\t\t\t\t\t\t\t\tdata-frame_0=\"o:1;\"\n\t\t\t\t\t\t\t\tdata-frame_1=\"e:sine.inOut;sp:10;\"\n\t\t\t\t\t\t\t\tdata-frame_999=\"o:0;st:w;sR:7500;sA:9000;\"\n\t\t\t\t\t\t\t\tdata-frame_2=\"y:300px;o:0;e:sine.inOut;st:500;sp:1000;sR:490;blu:10px;\"\n\t\t\t\t\t\t\t\tstyle=\"z-index:16;\"\n\t\t\t\t\t\t\t><!--\n\t\t\t\t\t\t\t\t--><rs-layer\n\t\t\t\t\t\t\t\t\tid=\"slider-2-slide-2-layer-14\" \n\t\t\t\t\t\t\t\t\tdata-type=\"shape\"\n\t\t\t\t\t\t\t\t\tdata-xy=\"x:c;yo:-25px;\"\n\t\t\t\t\t\t\t\t\tdata-pos=\"a\"\n\t\t\t\t\t\t\t\t\tdata-text=\"w:normal;\"\n\t\t\t\t\t\t\t\t\tdata-dim=\"w:1px;h:50px;\"\n\t\t\t\t\t\t\t\t\tdata-basealign=\"slide\"\n\t\t\t\t\t\t\t\t\tdata-rsp_o=\"off\"\n\t\t\t\t\t\t\t\t\tdata-rsp_bd=\"off\"\n\t\t\t\t\t\t\t\t\tdata-sba=\"t:false;\"\n\t\t\t\t\t\t\t\t\tdata-border=\"bor:10px,10px,10px,10px;\"\n\t\t\t\t\t\t\t\t\tdata-ford=\"frame_0;frame_1;frame_2;frame_3;frame_999;\"\n\t\t\t\t\t\t\t\t\tdata-frame_0=\"sY:0;o:1;\"\n\t\t\t\t\t\t\t\t\tdata-frame_1=\"y:30px;e:sine.in;st:2000;sp:1000;sR:2000;\"\n\t\t\t\t\t\t\t\t\tdata-frame_999=\"o:0;st:w;sR:5000;\"\n\t\t\t\t\t\t\t\t\tdata-frame_2=\"y:220px;e:none;st:3000;sp:500;\"\n\t\t\t\t\t\t\t\t\tdata-frame_3=\"y:250px;sX:1;sY:0;o:1;e:sine.out;st:3500;sp:500;\"\n\t\t\t\t\t\t\t\t\tdata-tloop=\"t:frame_3;\"\n\t\t\t\t\t\t\t\t\tstyle=\"z-index:7;background-color:#ffcc00;\"\n\t\t\t\t\t\t\t\t> \n\t\t\t\t\t\t\t\t<\/rs-layer><!--\n\n\t\t\t\t\t\t\t\t--><rs-layer\n\t\t\t\t\t\t\t\t\tid=\"slider-2-slide-2-layer-12\" \n\t\t\t\t\t\t\t\t\tdata-type=\"shape\"\n\t\t\t\t\t\t\t\t\tdata-xy=\"x:c;\"\n\t\t\t\t\t\t\t\t\tdata-pos=\"a\"\n\t\t\t\t\t\t\t\t\tdata-text=\"w:normal;\"\n\t\t\t\t\t\t\t\t\tdata-dim=\"w:1px;h:250px;\"\n\t\t\t\t\t\t\t\t\tdata-basealign=\"slide\"\n\t\t\t\t\t\t\t\t\tdata-rsp_o=\"off\"\n\t\t\t\t\t\t\t\t\tdata-rsp_bd=\"off\"\n\t\t\t\t\t\t\t\t\tdata-sba=\"t:false;\"\n\t\t\t\t\t\t\t\t\tdata-clip=\"u:true;o:t;\"\n\t\t\t\t\t\t\t\t\tdata-frame_0=\"o:1;cp:0%;\"\n\t\t\t\t\t\t\t\t\tdata-frame_1=\"e:sine.inOut;st:1500;sp:1500;sR:1500;\"\n\t\t\t\t\t\t\t\t\tdata-frame_999=\"o:0;st:w;sR:6000;\"\n\t\t\t\t\t\t\t\t\tstyle=\"z-index:6;background-color:rgba(255,255,255,0.2);\"\n\t\t\t\t\t\t\t\t> \n\t\t\t\t\t\t\t\t<\/rs-layer><!--\n\t\t\t\t\t\t\t--><\/rs-group><!--\n\n\t\t\t\t\t\t\t--><rs-layer\n\t\t\t\t\t\t\t\tid=\"slider-2-slide-2-layer-0\" \n\t\t\t\t\t\t\t\tclass=\"tp-shape tp-shapewrapper tp-particlewave rs-noevents\"\n\t\t\t\t\t\t\t\tdata-type=\"shape\"\n\t\t\t\t\t\t\t\tdata-rsp_ch=\"on\"\n\t\t\t\t\t\t\t\tdata-xy=\"x:c;y:m;\"\n\t\t\t\t\t\t\t\tdata-text=\"w:normal;s:20,16,12,7;l:0,20,15,9;\"\n\t\t\t\t\t\t\t\tdata-dim=\"w:100%;h:100%;\"\n\t\t\t\t\t\t\t\tdata-basealign=\"slide\"\n\t\t\t\t\t\t\t\tdata-blendmode=\"lighten\"\n\t\t\t\t\t\t\t\tdata-frame_1=\"sp:1000;\"\n\t\t\t\t\t\t\t\tdata-frame_999=\"o:0;st:w;sR:8000;\"\n\t\t\t\t\t\t\t\t data-wpsdata='ddw:powerful;s:60;c:50%;a:20%;rv:5;t:15deg;sz:25;dpr:1;particleSize:50;particleAmount:10000;ddfd:all;oi:100%;ddu:image;bg:\/\/moorea-digital.com\/wp-content\/uploads\/2022\/01\/pexels-ekrulila-8093686-scaled.jpg;bgf:contain;bgp:center bottom;po:;bf:1;ddl:boxes;lo:100;co:linear-gradient(rgba(26,214,253,1) 0%, rgba(29,98,240,1) 100%);int:scrollbased;ptlt:-10deg;prt:0deg;sbsy:-20;d3m:1;'\n\t\t\t\t\t\t\t\tstyle=\"z-index:14;background-color:rgba(0,0,0,0);\"\n\t\t\t\t\t\t\t> \n\t\t\t\t\t\t\t<\/rs-layer><!--\n\n\t\t\t\t\t\t\t--><rs-layer\n\t\t\t\t\t\t\t\tid=\"slider-2-slide-2-layer-2\" \n\t\t\t\t\t\t\t\tclass=\"tp-shape tp-shapewrapper tp-particlewave rs-pxl-11\"\n\t\t\t\t\t\t\t\tdata-type=\"shape\"\n\t\t\t\t\t\t\t\tdata-rsp_ch=\"on\"\n\t\t\t\t\t\t\t\tdata-xy=\"x:c;y:m;yo:30px,24px,18px,11px;\"\n\t\t\t\t\t\t\t\tdata-text=\"w:normal;s:20,16,12,7;l:0,20,15,9;\"\n\t\t\t\t\t\t\t\tdata-dim=\"w:100%;h:100%;\"\n\t\t\t\t\t\t\t\tdata-basealign=\"slide\"\n\t\t\t\t\t\t\t\tdata-frame_1=\"sp:1000;\"\n\t\t\t\t\t\t\t\tdata-frame_999=\"o:0;st:w;sR:8000;\"\n\t\t\t\t\t\t\t\t data-wpsdata='ddw:powerful;s:60;c:50%;a:20%;g:25;rv:10;t:15deg;sz:15;dpr:1;particleSize:50;particleAmount:10000;bg:\/\/moorea-digital.com\/wp-content\/uploads\/2022\/01\/pexels-lisha-riabinina-37487-scaled.jpg;po:;bf:1;ddl:boxes;lo:100;co:linear-gradient(0deg, rgba(11,16,19,1) 0%, rgba(11,16,19,1) 40%, rgba(8,43,49,1) 60%, rgba(61,117,116,1) 80%, rgba(254,117,39,1) 100%);ptlt:-10deg;prt:0deg;sbsy:-15;d3m:1;'\n\t\t\t\t\t\t\t\tstyle=\"z-index:7;\"\n\t\t\t\t\t\t\t> \n\t\t\t\t\t\t\t<\/rs-layer><!--\n\n\t\t\t\t\t\t\t--><rs-layer\n\t\t\t\t\t\t\t\tid=\"slider-2-slide-2-layer-4\" \n\t\t\t\t\t\t\t\tdata-type=\"text\"\n\t\t\t\t\t\t\t\tdata-color=\"#34aadc\"\n\t\t\t\t\t\t\t\tdata-rsp_ch=\"on\"\n\t\t\t\t\t\t\t\tdata-xy=\"x:c;y:m;yo:-185px,-152px,-115px,-123px;\"\n\t\t\t\t\t\t\t\tdata-text=\"w:normal;s:101,83,63,38;l:90,74,56,34;ls:-4,-3,-2,-1;fw:800;a:center;\"\n\t\t\t\t\t\t\t\tdata-dim=\"minh:0px,none,none,none;\"\n\t\t\t\t\t\t\t\tdata-sba=\"t:true;\"\n\t\t\t\t\t\t\t\tdata-frame_0=\"y:200px,165px,125px,77px;blu:20px;\"\n\t\t\t\t\t\t\t\tdata-frame_1=\"e:power2.inOut;st:500;sp:1000;sR:500;\"\n\t\t\t\t\t\t\t\tdata-frame_999=\"o:0;st:w;sR:7500;\"\n\t\t\t\t\t\t\t\tstyle=\"z-index:12;font-family:'Poppins';\"\n\t\t\t\t\t\t\t>DIGIT'ALL   <br>IMPACT \n\t\t\t\t\t\t\t<\/rs-layer><!--\n\n\t\t\t\t\t\t\t--><rs-layer\n\t\t\t\t\t\t\t\tid=\"slider-2-slide-2-layer-5\" \n\t\t\t\t\t\t\t\tclass=\"tp-shape tp-shapewrapper tp-particlewave rs-noevents rs-pxl-13\"\n\t\t\t\t\t\t\t\tdata-type=\"shape\"\n\t\t\t\t\t\t\t\tdata-rsp_ch=\"on\"\n\t\t\t\t\t\t\t\tdata-xy=\"x:c;y:b;yo:-100px,-82px,-62px,-38px;\"\n\t\t\t\t\t\t\t\tdata-text=\"w:normal;s:20,16,12,7;l:0,20,15,9;\"\n\t\t\t\t\t\t\t\tdata-dim=\"w:100%;h:60%;\"\n\t\t\t\t\t\t\t\tdata-basealign=\"slide\"\n\t\t\t\t\t\t\t\tdata-frame_1=\"sp:1000;\"\n\t\t\t\t\t\t\t\tdata-frame_999=\"o:0;st:w;sR:8000;\"\n\t\t\t\t\t\t\t\t data-wpsdata='s:1%;c:100%;a:100%;g:30;rv:100;dpr:1;particleAmount:1000;gs:30%;ddfd:back;oi:100%;co:#e0f8d8;b0:additive;tb:loop;as:10;e6:3;e7:0;e0:1;d0:bokeh;ppbm:2;'\n\t\t\t\t\t\t\t\tstyle=\"z-index:13;\"\n\t\t\t\t\t\t\t> \n\t\t\t\t\t\t\t<\/rs-layer><!--\n\n\t\t\t\t\t\t\t--><rs-layer\n\t\t\t\t\t\t\t\tid=\"slider-2-slide-2-layer-8\" \n\t\t\t\t\t\t\t\tdata-type=\"shape\"\n\t\t\t\t\t\t\t\tdata-rsp_ch=\"on\"\n\t\t\t\t\t\t\t\tdata-xy=\"x:c;y:b;\"\n\t\t\t\t\t\t\t\tdata-text=\"w:normal;s:20,16,12,7;l:0,20,15,9;\"\n\t\t\t\t\t\t\t\tdata-dim=\"w:100%;h:500px,412px,313px,193px;\"\n\t\t\t\t\t\t\t\tdata-basealign=\"slide\"\n\t\t\t\t\t\t\t\tdata-frame_1=\"st:1000;sp:1000;sR:1000;\"\n\t\t\t\t\t\t\t\tdata-frame_999=\"o:0;st:w;sR:7000;\"\n\t\t\t\t\t\t\t\tstyle=\"z-index:9;background:linear-gradient(0deg, rgba(11,16,19,1) 0%, rgba(11,16,19,1) 30%, rgba(11,16,19,0) 100%);\"\n\t\t\t\t\t\t\t> \n\t\t\t\t\t\t\t<\/rs-layer><!--\n\n\t\t\t\t\t\t\t--><rs-layer\n\t\t\t\t\t\t\t\tid=\"slider-2-slide-2-layer-10\" \n\t\t\t\t\t\t\t\tdata-type=\"text\"\n\t\t\t\t\t\t\t\tdata-color=\"#34aadc\"\n\t\t\t\t\t\t\t\tdata-rsp_ch=\"on\"\n\t\t\t\t\t\t\t\tdata-xy=\"x:c;yo:455px,385px,480px,300px;\"\n\t\t\t\t\t\t\t\tdata-text=\"w:normal;s:20,18,18,18;l:30,24,20,20;fw:300;a:center;\"\n\t\t\t\t\t\t\t\tdata-dim=\"w:640px,528px,401px,320px;\"\n\t\t\t\t\t\t\t\tdata-sba=\"t:true;\"\n\t\t\t\t\t\t\t\tdata-frame_0=\"y:200px,165px,125px,77px;blu:20px;\"\n\t\t\t\t\t\t\t\tdata-frame_1=\"e:power2.inOut;st:600;sp:1000;sR:600;\"\n\t\t\t\t\t\t\t\tdata-frame_999=\"o:0;st:w;sR:7400;\"\n\t\t\t\t\t\t\t\tstyle=\"z-index:11;font-family:'Roboto Mono';\"\n\t\t\t\t\t\t\t>\ud835\udc0c\ud835\udc28\ud835\udc28\ud835\udc2b\ud835\udc1e\ud835\udc1a \ud835\udc03\ud835\udc22\ud835\udc20\ud835\udc22\ud835\udc2d\ud835\udc1a\ud835\udc25 \ud835\udc1d\ud835\udc1e\ud835\udc2f\ud835\udc22\ud835\udc1e\ud835\udc27\ud835\udc2d \ud835\udc03\ud835\udc22\ud835\udc20\ud835\udc22\ud835\udc2d'\ud835\udc00\ud835\udc25\ud835\udc25 \ud835\udc08\ud835\udc26\ud835\udc29\ud835\udc1a\ud835\udc1c\ud835\udc2d !<br \/>\n<br \/>\nNous sommes s\u00fbrs que ces changements seront b\u00e9n\u00e9fiques pour tous nos clients car nous pouvons d\u00e9sormais vous proposer plus de produits et services avec de meilleurs tarifs !<br \/>\n<br \/>\nRestez connect\u00e9, de bonnes nouvelles sont en approche !<br \/>\n <br \/>\n<br \/>\n \n\t\t\t\t\t\t\t<\/rs-layer><!--\n\n\t\t\t\t\t\t\t--><a\n\t\t\t\t\t\t\t\tid=\"slider-2-slide-2-layer-11\" \n\t\t\t\t\t\t\t\tclass=\"rs-layer rev-btn\"\n\t\t\t\t\t\t\t\thref=\"https:\/\/digit-impact.com\/\" target=\"_self\"\n\t\t\t\t\t\t\t\tdata-type=\"button\"\n\t\t\t\t\t\t\t\tdata-color=\"#ffcc00\"\n\t\t\t\t\t\t\t\tdata-rsp_ch=\"on\"\n\t\t\t\t\t\t\t\tdata-xy=\"x:c;yo:814px,672px,710px,570px;\"\n\t\t\t\t\t\t\t\tdata-text=\"w:normal;s:17,17,16,16;l:50,50,40,40;fw:300;\"\n\t\t\t\t\t\t\t\tdata-dim=\"minh:0px,none,none,none;\"\n\t\t\t\t\t\t\t\tdata-actions='o:click;a:simulateclick;layer:slider-2-slide-2-layer-;'\n\t\t\t\t\t\t\t\tdata-sba=\"t:true;\"\n\t\t\t\t\t\t\t\tdata-padding=\"r:30,25,19,12;l:30,25,19,12;\"\n\t\t\t\t\t\t\t\tdata-border=\"bos:solid;boc:rgba(255, 255, 255, 0.2);bow:1px,1px,1px,1px;\"\n\t\t\t\t\t\t\t\tdata-frame_0=\"y:200px,165px,125px,77px;blu:20px;\"\n\t\t\t\t\t\t\t\tdata-frame_1=\"y:-2px,-1px,0px,0px;e:default;st:800;sp:1000;sR:800;\"\n\t\t\t\t\t\t\t\tdata-frame_999=\"o:0;st:8900;sR:7200;\"\n\t\t\t\t\t\t\t\tdata-frame_hover=\"c:#fff;bgc:rgba(0,0,0,0);boc:#fff;bor:0px,0px,0px,0px;bos:solid;bow:1px,1px,1px,1px;e:default;\"\n\t\t\t\t\t\t\t\tstyle=\"z-index:10;background-color:rgba(219,219,219,0);font-family:'Roboto Mono';\"\n\t\t\t\t\t\t\t>Visitez notre nouveau Site ! \n\t\t\t\t\t\t\t<\/a><!--\n\n\t\t\t\t\t\t\t--><rs-layer\n\t\t\t\t\t\t\t\tid=\"slider-2-slide-2-layer-13\" \n\t\t\t\t\t\t\t\tdata-type=\"shape\"\n\t\t\t\t\t\t\t\tdata-rsp_ch=\"on\"\n\t\t\t\t\t\t\t\tdata-xy=\"x:c;\"\n\t\t\t\t\t\t\t\tdata-text=\"w:normal;s:20,16,12,7;l:0,20,15,9;\"\n\t\t\t\t\t\t\t\tdata-dim=\"w:100%;h:500px,412px,313px,193px;\"\n\t\t\t\t\t\t\t\tdata-basealign=\"slide\"\n\t\t\t\t\t\t\t\tdata-sba=\"t:true;\"\n\t\t\t\t\t\t\t\tdata-frame_1=\"st:800;sp:1000;sR:800;\"\n\t\t\t\t\t\t\t\tdata-frame_999=\"o:0;st:w;sR:7200;\"\n\t\t\t\t\t\t\t\tstyle=\"z-index:8;background:linear-gradient(0deg, rgba(254,117,39,0) 0%, rgba(254,117,39,0.22) 30%, rgba(8,43,49,0.75) 100%);\"\n\t\t\t\t\t\t\t> \n\t\t\t\t\t\t\t<\/rs-layer><!--\n-->\t\t\t\t\t\t<\/rs-slide>\n\t\t\t\t\t<\/rs-slides>\n\t\t\t\t<\/rs-module>\n\t\t\t\t<script>\n\t\t\t\t\tsetREVStartSize({c: 'rev_slider_2_1',rl:[1240,1024,778,480],el:[900,768,960,720],gw:[1240,1024,778,480],gh:[900,768,960,720],type:'hero',justify:'',layout:'fullscreen',offsetContainer:'#masthead',offset:'',mh:\"0\"});if (window.RS_MODULES!==undefined && window.RS_MODULES.modules!==undefined && window.RS_MODULES.modules[\"revslider21\"]!==undefined) {window.RS_MODULES.modules[\"revslider21\"].once = false;window.revapi2 = undefined;if (window.RS_MODULES.checkMinimal!==undefined) window.RS_MODULES.checkMinimal()}\n\t\t\t\t<\/script>\n\t\t\t<\/rs-module-wrap>\n\t\t\t<!-- END REVOLUTION SLIDER -->\n\n","protected":false},"excerpt":{"rendered":"","protected":false},"author":1,"featured_media":0,"parent":0,"menu_order":0,"comment_status":"closed","ping_status":"closed","template":"..\/public\/views\/revslider-page-template.php","meta":{"footnotes":""},"_links":{"self":[{"href":"https:\/\/moorea-digital.com\/index.php\/wp-json\/wp\/v2\/pages\/2"}],"collection":[{"href":"https:\/\/moorea-digital.com\/index.php\/wp-json\/wp\/v2\/pages"}],"about":[{"href":"https:\/\/moorea-digital.com\/index.php\/wp-json\/wp\/v2\/types\/page"}],"author":[{"embeddable":true,"href":"https:\/\/moorea-digital.com\/index.php\/wp-json\/wp\/v2\/users\/1"}],"replies":[{"embeddable":true,"href":"https:\/\/moorea-digital.com\/index.php\/wp-json\/wp\/v2\/comments?post=2"}],"version-history":[{"count":2,"href":"https:\/\/moorea-digital.com\/index.php\/wp-json\/wp\/v2\/pages\/2\/revisions"}],"predecessor-version":[{"id":11,"href":"https:\/\/moorea-digital.com\/index.php\/wp-json\/wp\/v2\/pages\/2\/revisions\/11"}],"wp:attachment":[{"href":"https:\/\/moorea-digital.com\/index.php\/wp-json\/wp\/v2\/media?parent=2"}],"curies":[{"name":"wp","href":"https:\/\/api.w.org\/{rel}","templated":true}]}}